{"id":1869,"date":"2017-11-05T19:28:26","date_gmt":"2017-11-05T19:28:26","guid":{"rendered":"https:\/\/gpstartersites.com\/wordsmith\/?page_id=10"},"modified":"2021-06-11T23:34:52","modified_gmt":"2021-06-12T02:34:52","slug":"home-2","status":"publish","type":"page","link":"https:\/\/agenciasegura.com\/","title":{"rendered":"Agencia segura"},"content":{"rendered":"\n<div class=\"wp-block-columns has-2-columns is-layout-flex wp-container-core-columns-is-layout-2 wp-block-columns-is-layout-flex\">\n<div class=\"wp-block-column is-layout-flow wp-block-column-is-layout-flow\">\n<div class=\"wp-block-columns is-layout-flex wp-container-core-columns-is-layout-1 wp-block-columns-is-layout-flex\">\n<div class=\"wp-block-column is-layout-flow wp-block-column-is-layout-flow\">\n<h2 class=\"wp-block-heading\">Protecci\u00f3n Blindada Antiasalto<\/h2>\n\n\n\n<p>Es un cerramiento blindado anti-asalto conformado por distintos modulos blindados independientes dise\u00f1ado para entes recaudadores, entre ellos mostradores blindados fabricados con CRISTALES DE SEGURIDAD de 24mm de espesor, que constituyen una barrera de seguridad entre los terceros que visitan su local y sus empleados.<\/p>\n<\/div>\n\n\n\n<div class=\"wp-block-column is-layout-flow wp-block-column-is-layout-flow\">\n<figure class=\"wp-block-video\"><video controls src=\"https:\/\/agenciasegura.com\/wp-content\/uploads\/2020\/06\/agenciasegura.mp4\"><\/video><\/figure>\n<\/div>\n<\/div>\n<\/div>\n<\/div>\n\n\n\n<div style=\"height:20px\" aria-hidden=\"true\" class=\"wp-block-spacer\"><\/div>\n\n\n\n<div class=\"wp-block-columns is-layout-flex wp-container-core-columns-is-layout-3 wp-block-columns-is-layout-flex\">\n<div class=\"wp-block-column is-vertically-aligned-center is-layout-flow wp-block-column-is-layout-flow\">\n<div class=\"wp-block-image\"><figure class=\"aligncenter size-large is-resized\"><a href=\"https:\/\/mesquita.com.ar\"><img loading=\"lazy\" decoding=\"async\" src=\"https:\/\/agenciasegura.com\/wp-content\/uploads\/2020\/06\/logo_mesquita.png\" alt=\"\" class=\"wp-image-2834\" width=\"320\" height=\"146\"\/><\/a><\/figure><\/div>\n\n\n\n<p><\/p>\n<\/div>\n\n\n\n<div class=\"wp-block-column is-vertically-aligned-center is-layout-flow wp-block-column-is-layout-flow\">\n<h3 class=\"wp-block-heading\"><span style=\"color:#565656\" class=\"has-inline-color\">Un producto de Mesquita Hnos<\/span><\/h3>\n\n\n\n<p>Creada en 1985 Mesquita Hnos, una empresa familiar dedicada a la fabricaci\u00f3n de elementos de seguridad y l\u00edder en el desarrollo y producci\u00f3n de puertas y ventanas especiales, ha desarrollado una variedad de productos de maxima seguridad.<\/p>\n<\/div>\n<\/div>\n\n\n\n<div style=\"height:50px\" aria-hidden=\"true\" class=\"wp-block-spacer\"><\/div>\n\n\n\n<div class=\"wp-block-columns is-layout-flex wp-container-core-columns-is-layout-4 wp-block-columns-is-layout-flex\">\n<div class=\"wp-block-column is-layout-flow wp-block-column-is-layout-flow\">\n<h2 class=\"wp-block-heading\">Importantes entes recaudadores conf\u00edan en nosotros<\/h2>\n\n\n\n<p>Hemos instalado Agencia Segura en miles de sucursales Rapipago<sup>\u00ae<\/sup>, cientos de Agencias de Loter\u00eda Nacional y Provincial, decenas de sucursales Bapro<sup>\u00ae<\/sup>, Pago Facil<sup>\u00ae<\/sup>, Western Union<sup>\u00ae<\/sup>, adem\u00e1s de multiples embajadas, bancos, y agencias gubernamentales.<\/p>\n<\/div>\n\n\n\n<div class=\"wp-block-column is-layout-flow wp-block-column-is-layout-flow\">\n<div class=\"wp-block-image\"><figure class=\"aligncenter size-large is-resized\"><img loading=\"lazy\" decoding=\"async\" src=\"https:\/\/agenciasegura.com\/wp-content\/uploads\/2020\/06\/agencias_de_cobro-1024x738.png\" alt=\"\" class=\"wp-image-2878\" width=\"428\" height=\"308\" srcset=\"https:\/\/agenciasegura.com\/wp-content\/uploads\/2020\/06\/agencias_de_cobro-1024x738.png 1024w, https:\/\/agenciasegura.com\/wp-content\/uploads\/2020\/06\/agencias_de_cobro-300x216.png 300w, https:\/\/agenciasegura.com\/wp-content\/uploads\/2020\/06\/agencias_de_cobro-768x554.png 768w, https:\/\/agenciasegura.com\/wp-content\/uploads\/2020\/06\/agencias_de_cobro.png 1040w\" sizes=\"auto, (max-width: 428px) 100vw, 428px\" \/><\/figure><\/div>\n<\/div>\n<\/div>\n\n\n\n<div class=\"wp-block-columns is-layout-flex wp-container-core-columns-is-layout-5 wp-block-columns-is-layout-flex\">\n<div class=\"wp-block-column is-layout-flow wp-block-column-is-layout-flow\">\n<p><\/p>\n<\/div>\n<\/div>\n\n\n\n<p><\/p>\n","protected":false},"excerpt":{"rendered":"<p>Protecci\u00f3n Blindada Antiasalto Es un cerramiento blindado anti-asalto conformado por distintos modulos blindados independientes dise\u00f1ado para entes recaudadores, entre ellos mostradores blindados fabricados con CRISTALES DE SEGURIDAD de 24mm de espesor, que constituyen una barrera de seguridad entre los terceros que visitan su local y sus empleados. Un producto de Mesquita Hnos Creada en 1985 &#8230; <a title=\"Agencia segura\" class=\"read-more\" href=\"https:\/\/agenciasegura.com\/\" aria-label=\"Leer m\u00e1s sobre Agencia segura\">Leer m\u00e1s<\/a><\/p>\n","protected":false},"author":1,"featured_media":0,"parent":0,"menu_order":0,"comment_status":"closed","ping_status":"closed","template":"","meta":{"_joinchat":[],"footnotes":""},"class_list":["post-1869","page","type-page","status-publish"],"_links":{"self":[{"href":"https:\/\/agenciasegura.com\/index.php\/wp-json\/wp\/v2\/pages\/1869","targetHints":{"allow":["GET"]}}],"collection":[{"href":"https:\/\/agenciasegura.com\/index.php\/wp-json\/wp\/v2\/pages"}],"about":[{"href":"https:\/\/agenciasegura.com\/index.php\/wp-json\/wp\/v2\/types\/page"}],"author":[{"embeddable":true,"href":"https:\/\/agenciasegura.com\/index.php\/wp-json\/wp\/v2\/users\/1"}],"replies":[{"embeddable":true,"href":"https:\/\/agenciasegura.com\/index.php\/wp-json\/wp\/v2\/comments?post=1869"}],"version-history":[{"count":3,"href":"https:\/\/agenciasegura.com\/index.php\/wp-json\/wp\/v2\/pages\/1869\/revisions"}],"predecessor-version":[{"id":2994,"href":"https:\/\/agenciasegura.com\/index.php\/wp-json\/wp\/v2\/pages\/1869\/revisions\/2994"}],"wp:attachment":[{"href":"https:\/\/agenciasegura.com\/index.php\/wp-json\/wp\/v2\/media?parent=1869"}],"curies":[{"name":"wp","href":"https:\/\/api.w.org\/{rel}","templated":true}]}}