{"id":2793,"date":"2018-03-04T02:37:10","date_gmt":"2018-03-04T02:37:10","guid":{"rendered":"https:\/\/gpsites.co\/pixel\/?page_id=11"},"modified":"2020-06-25T23:26:35","modified_gmt":"2020-06-26T02:26:35","slug":"galeria","status":"publish","type":"page","link":"https:\/\/agenciasegura.com\/index.php\/galeria\/","title":{"rendered":"Detalle del producto"},"content":{"rendered":"\n<div class=\"wp-block-group\"><div class=\"wp-block-group__inner-container is-layout-flow wp-block-group-is-layout-flow\">\n<h2 class=\"wp-block-heading\">Sistema modular blindado anti-asalto<\/h2>\n\n\n\n<p>La protecci\u00f3n blindada anti-asalto de Agencia Segura esta compuesta por distintos modulos ensamblables que permiten una instalaci\u00f3n rapida y sin necesidad de obra humeda con la posibilidad de retirar y reinstalar la protecci\u00f3n blindada en otro local a futuro (con cargo).<\/p>\n\n\n\n<p>La misma esta compuesta por:<\/p>\n\n\n\n<ul class=\"wp-block-list\"><li>Paneles superiores en cristal blindado de 24mm de espesor con carpinter\u00eda met\u00e1lica y perfiles de acero inoxidable, compuesto por dos laminas de 10mm de espesor y unidos por una capa de pol\u00edmero, con l\u00e1mina anti-esquirla<\/li><li>Paneles inferiores de alta seguridad cuyo dise\u00f1o y materiales fueron elejidos por su resistencia blindada<\/li><li>Malla de protecci\u00f3n superior en acero trenzado en forma de rombo que impide su escalamiento<\/li><\/ul>\n\n\n\n<h2 class=\"wp-block-heading\">No acepte imitaciones<\/h2>\n\n\n\n<p>Debido al exito del sistema Agencia Segura han aparecido numerosas imitaciones en el mercado fabricadas por particulares. Estos imitan la estetica elegida por nuestro producto recortando gastos en los materiales m\u00e1s importantes y costosos, como los cristales de seguridad y las placas de acero internas que garantizan su blindaje. Nuestros productos son fabricados a gran escala, de acuerdo a un detallado proceso productivo y respetando un estricto control de calidad. Contamos con un equipo de instaladores profesionales y altamente calificados, que le aseguran una instalaci\u00f3n rapida y prolija a diferencia de lo que pueden ofrecer nuestros competidores.<\/p>\n\n\n\n<p><\/p>\n<\/div><\/div>\n\n\n\n<figure class=\"wp-block-gallery columns-3 is-cropped full-width-gallery wp-block-gallery-1 is-layout-flex wp-block-gallery-is-layout-flex\"><ul class=\"blocks-gallery-grid\"><li class=\"blocks-gallery-item\"><figure><a href=\"https:\/\/agenciasegura.com\/wp-content\/uploads\/2020\/06\/sistema-antiasalto-front.jpeg\"><img loading=\"lazy\" decoding=\"async\" width=\"1024\" height=\"1014\" src=\"https:\/\/agenciasegura.com\/wp-content\/uploads\/2020\/06\/sistema-antiasalto-front-1024x1014.jpeg\" alt=\"\" data-id=\"28\" data-full-url=\"https:\/\/agenciasegura.com\/wp-content\/uploads\/2020\/06\/sistema-antiasalto-front.jpeg\" data-link=\"https:\/\/agenciasegura.com\/sistema-antiasalto-front\/\" class=\"wp-image-28\" srcset=\"https:\/\/agenciasegura.com\/wp-content\/uploads\/2020\/06\/sistema-antiasalto-front-1024x1014.jpeg 1024w, https:\/\/agenciasegura.com\/wp-content\/uploads\/2020\/06\/sistema-antiasalto-front-300x297.jpeg 300w, https:\/\/agenciasegura.com\/wp-content\/uploads\/2020\/06\/sistema-antiasalto-front-150x150.jpeg 150w, https:\/\/agenciasegura.com\/wp-content\/uploads\/2020\/06\/sistema-antiasalto-front-768x761.jpeg 768w, https:\/\/agenciasegura.com\/wp-content\/uploads\/2020\/06\/sistema-antiasalto-front.jpeg 1536w\" sizes=\"auto, (max-width: 1024px) 100vw, 1024px\" \/><\/a><\/figure><\/li><li class=\"blocks-gallery-item\"><figure><a href=\"https:\/\/agenciasegura.com\/wp-content\/uploads\/2020\/06\/modulo_vidriado_cajon.jpg\"><img loading=\"lazy\" decoding=\"async\" width=\"684\" height=\"1024\" src=\"https:\/\/agenciasegura.com\/wp-content\/uploads\/2020\/06\/modulo_vidriado_cajon-684x1024.jpg\" alt=\"\" data-id=\"2886\" data-full-url=\"https:\/\/agenciasegura.com\/wp-content\/uploads\/2020\/06\/modulo_vidriado_cajon.jpg\" data-link=\"https:\/\/agenciasegura.com\/index.php\/galeria\/modulo_vidriado_cajon\/#main\" class=\"wp-image-2886\" srcset=\"https:\/\/agenciasegura.com\/wp-content\/uploads\/2020\/06\/modulo_vidriado_cajon-684x1024.jpg 684w, https:\/\/agenciasegura.com\/wp-content\/uploads\/2020\/06\/modulo_vidriado_cajon-200x300.jpg 200w, https:\/\/agenciasegura.com\/wp-content\/uploads\/2020\/06\/modulo_vidriado_cajon.jpg 721w\" sizes=\"auto, (max-width: 684px) 100vw, 684px\" \/><\/a><figcaption class=\"blocks-gallery-item__caption\">Adicional: caj\u00f3n pasa-objetos<\/figcaption><\/figure><\/li><li class=\"blocks-gallery-item\"><figure><a href=\"https:\/\/agenciasegura.com\/wp-content\/uploads\/2018\/08\/page_header-scaled.jpg\"><img loading=\"lazy\" decoding=\"async\" width=\"1024\" height=\"576\" src=\"https:\/\/agenciasegura.com\/wp-content\/uploads\/2018\/08\/page_header-1024x576.jpg\" alt=\"\" data-id=\"2817\" data-full-url=\"https:\/\/agenciasegura.com\/wp-content\/uploads\/2018\/08\/page_header-scaled.jpg\" data-link=\"https:\/\/agenciasegura.com\/index.php\/gp_elements\/page-heros\/page_header\/#main\" class=\"wp-image-2817\" srcset=\"https:\/\/agenciasegura.com\/wp-content\/uploads\/2018\/08\/page_header-1024x576.jpg 1024w, https:\/\/agenciasegura.com\/wp-content\/uploads\/2018\/08\/page_header-300x169.jpg 300w, https:\/\/agenciasegura.com\/wp-content\/uploads\/2018\/08\/page_header-768x432.jpg 768w, https:\/\/agenciasegura.com\/wp-content\/uploads\/2018\/08\/page_header-1536x864.jpg 1536w, https:\/\/agenciasegura.com\/wp-content\/uploads\/2018\/08\/page_header-2048x1152.jpg 2048w\" sizes=\"auto, (max-width: 1024px) 100vw, 1024px\" \/><\/a><\/figure><\/li><li class=\"blocks-gallery-item\"><figure><a href=\"https:\/\/agenciasegura.com\/wp-content\/uploads\/2020\/06\/ventana-delivery-front.jpeg\"><img loading=\"lazy\" decoding=\"async\" width=\"1024\" height=\"768\" src=\"https:\/\/agenciasegura.com\/wp-content\/uploads\/2020\/06\/ventana-delivery-front-1024x768.jpeg\" alt=\"\" data-id=\"2889\" data-full-url=\"https:\/\/agenciasegura.com\/wp-content\/uploads\/2020\/06\/ventana-delivery-front.jpeg\" data-link=\"https:\/\/agenciasegura.com\/index.php\/galeria\/ventana-delivery-front\/#main\" class=\"wp-image-2889\" srcset=\"https:\/\/agenciasegura.com\/wp-content\/uploads\/2020\/06\/ventana-delivery-front-1024x768.jpeg 1024w, https:\/\/agenciasegura.com\/wp-content\/uploads\/2020\/06\/ventana-delivery-front-300x225.jpeg 300w, https:\/\/agenciasegura.com\/wp-content\/uploads\/2020\/06\/ventana-delivery-front-768x576.jpeg 768w, https:\/\/agenciasegura.com\/wp-content\/uploads\/2020\/06\/ventana-delivery-front.jpeg 1440w\" sizes=\"auto, (max-width: 1024px) 100vw, 1024px\" \/><\/a><\/figure><\/li><li class=\"blocks-gallery-item\"><figure><a href=\"https:\/\/agenciasegura.com\/wp-content\/uploads\/2020\/06\/electromecanica.jpg\"><img loading=\"lazy\" decoding=\"async\" width=\"980\" height=\"644\" src=\"https:\/\/agenciasegura.com\/wp-content\/uploads\/2020\/06\/electromecanica.jpg\" alt=\"\" data-id=\"2829\" data-full-url=\"https:\/\/agenciasegura.com\/wp-content\/uploads\/2020\/06\/electromecanica.jpg\" data-link=\"https:\/\/agenciasegura.com\/electromecanica\/\" class=\"wp-image-2829\" srcset=\"https:\/\/agenciasegura.com\/wp-content\/uploads\/2020\/06\/electromecanica.jpg 980w, https:\/\/agenciasegura.com\/wp-content\/uploads\/2020\/06\/electromecanica-300x197.jpg 300w, https:\/\/agenciasegura.com\/wp-content\/uploads\/2020\/06\/electromecanica-768x505.jpg 768w\" sizes=\"auto, (max-width: 980px) 100vw, 980px\" \/><\/a><figcaption class=\"blocks-gallery-item__caption\">Adicional: cerradura electromec\u00e1nica<\/figcaption><\/figure><\/li><li class=\"blocks-gallery-item\"><figure><a href=\"https:\/\/agenciasegura.com\/wp-content\/uploads\/2020\/06\/ventana-delivery.jpeg\"><img loading=\"lazy\" decoding=\"async\" width=\"1024\" height=\"683\" src=\"https:\/\/agenciasegura.com\/wp-content\/uploads\/2020\/06\/ventana-delivery-1024x683.jpeg\" alt=\"\" data-id=\"2893\" data-full-url=\"https:\/\/agenciasegura.com\/wp-content\/uploads\/2020\/06\/ventana-delivery.jpeg\" data-link=\"https:\/\/agenciasegura.com\/index.php\/galeria\/ventana-delivery\/#main\" class=\"wp-image-2893\" srcset=\"https:\/\/agenciasegura.com\/wp-content\/uploads\/2020\/06\/ventana-delivery-1024x683.jpeg 1024w, https:\/\/agenciasegura.com\/wp-content\/uploads\/2020\/06\/ventana-delivery-300x200.jpeg 300w, https:\/\/agenciasegura.com\/wp-content\/uploads\/2020\/06\/ventana-delivery-768x513.jpeg 768w, https:\/\/agenciasegura.com\/wp-content\/uploads\/2020\/06\/ventana-delivery.jpeg 1536w\" sizes=\"auto, (max-width: 1024px) 100vw, 1024px\" \/><\/a><\/figure><\/li><\/ul><\/figure>\n","protected":false},"excerpt":{"rendered":"<p>Sistema modular blindado anti-asalto La protecci\u00f3n blindada anti-asalto de Agencia Segura esta compuesta por distintos modulos ensamblables que permiten una instalaci\u00f3n rapida y sin necesidad de obra humeda con la posibilidad de retirar y reinstalar la protecci\u00f3n blindada en otro local a futuro (con cargo). La misma esta compuesta por: Paneles superiores en cristal blindado &#8230; <a title=\"Detalle del producto\" class=\"read-more\" href=\"https:\/\/agenciasegura.com\/index.php\/galeria\/\" aria-label=\"Leer m\u00e1s sobre Detalle del producto\">Leer m\u00e1s<\/a><\/p>\n","protected":false},"author":1,"featured_media":0,"parent":0,"menu_order":0,"comment_status":"closed","ping_status":"closed","template":"","meta":{"_joinchat":[],"footnotes":""},"class_list":["post-2793","page","type-page","status-publish"],"_links":{"self":[{"href":"https:\/\/agenciasegura.com\/index.php\/wp-json\/wp\/v2\/pages\/2793","targetHints":{"allow":["GET"]}}],"collection":[{"href":"https:\/\/agenciasegura.com\/index.php\/wp-json\/wp\/v2\/pages"}],"about":[{"href":"https:\/\/agenciasegura.com\/index.php\/wp-json\/wp\/v2\/types\/page"}],"author":[{"embeddable":true,"href":"https:\/\/agenciasegura.com\/index.php\/wp-json\/wp\/v2\/users\/1"}],"replies":[{"embeddable":true,"href":"https:\/\/agenciasegura.com\/index.php\/wp-json\/wp\/v2\/comments?post=2793"}],"version-history":[{"count":0,"href":"https:\/\/agenciasegura.com\/index.php\/wp-json\/wp\/v2\/pages\/2793\/revisions"}],"wp:attachment":[{"href":"https:\/\/agenciasegura.com\/index.php\/wp-json\/wp\/v2\/media?parent=2793"}],"curies":[{"name":"wp","href":"https:\/\/api.w.org\/{rel}","templated":true}]}}