{"id":964,"date":"2017-11-28T15:58:25","date_gmt":"2017-11-28T15:58:25","guid":{"rendered":"https:\/\/gpstartersites.com\/wordsmith\/?page_id=964"},"modified":"2020-06-29T16:42:30","modified_gmt":"2020-06-29T19:42:30","slug":"sobre-nosotros","status":"publish","type":"page","link":"https:\/\/agenciasegura.com\/index.php\/sobre-nosotros\/","title":{"rendered":"Sobre nosotros"},"content":{"rendered":"\n<div class=\"wp-block-columns has-2-columns is-layout-flex wp-container-core-columns-is-layout-1 wp-block-columns-is-layout-flex\">\n<div class=\"wp-block-column is-layout-flow wp-block-column-is-layout-flow\">\n<figure class=\"wp-block-image size-large\"><img loading=\"lazy\" decoding=\"async\" width=\"600\" height=\"400\" src=\"https:\/\/agenciasegura.com\/wp-content\/uploads\/2020\/06\/intro-touched-small.jpg\" alt=\"\" class=\"wp-image-2936\" srcset=\"https:\/\/agenciasegura.com\/wp-content\/uploads\/2020\/06\/intro-touched-small.jpg 600w, https:\/\/agenciasegura.com\/wp-content\/uploads\/2020\/06\/intro-touched-small-300x200.jpg 300w\" sizes=\"auto, (max-width: 600px) 100vw, 600px\" \/><\/figure>\n<\/div>\n\n\n\n<div class=\"wp-block-column is-layout-flow wp-block-column-is-layout-flow\">\n<h2 class=\"wp-block-heading\">Mesquita Hnos<\/h2>\n\n\n\n<h3 class=\"wp-block-heading\">Una compa\u00f1\u00eda familiar con m\u00e1s de 35 a\u00f1os de experiencia<\/h3>\n\n\n\n<p>Mesquita Hnos es una empresa pionera en el mercado con 35 a\u00f1os de experiencia en la fabricaci\u00f3n de puertas de seguridad, puertas cortafuego, y protecciones blindadas antiasalto.<\/p>\n\n\n\n<p>Nuestros productos son fabricados en nuestra moderna planta industrial por profesionales altamente especializados, mediante procesos estandarizados seg\u00fan normas ISO 9001, bajo estrictos controles de calidad, y utilizando unicamente los mejores insumos disponibles.<\/p>\n\n\n\n<p><\/p>\n<\/div>\n<\/div>\n","protected":false},"excerpt":{"rendered":"<p>Mesquita Hnos Una compa\u00f1\u00eda familiar con m\u00e1s de 35 a\u00f1os de experiencia Mesquita Hnos es una empresa pionera en el mercado con 35 a\u00f1os de experiencia en la fabricaci\u00f3n de puertas de seguridad, puertas cortafuego, y protecciones blindadas antiasalto. Nuestros productos son fabricados en nuestra moderna planta industrial por profesionales altamente especializados, mediante procesos estandarizados &#8230; <a title=\"Sobre nosotros\" class=\"read-more\" href=\"https:\/\/agenciasegura.com\/index.php\/sobre-nosotros\/\" aria-label=\"Leer m\u00e1s sobre Sobre nosotros\">Leer m\u00e1s<\/a><\/p>\n","protected":false},"author":1,"featured_media":0,"parent":0,"menu_order":0,"comment_status":"closed","ping_status":"closed","template":"","meta":{"_joinchat":[],"footnotes":""},"class_list":["post-964","page","type-page","status-publish"],"_links":{"self":[{"href":"https:\/\/agenciasegura.com\/index.php\/wp-json\/wp\/v2\/pages\/964","targetHints":{"allow":["GET"]}}],"collection":[{"href":"https:\/\/agenciasegura.com\/index.php\/wp-json\/wp\/v2\/pages"}],"about":[{"href":"https:\/\/agenciasegura.com\/index.php\/wp-json\/wp\/v2\/types\/page"}],"author":[{"embeddable":true,"href":"https:\/\/agenciasegura.com\/index.php\/wp-json\/wp\/v2\/users\/1"}],"replies":[{"embeddable":true,"href":"https:\/\/agenciasegura.com\/index.php\/wp-json\/wp\/v2\/comments?post=964"}],"version-history":[{"count":4,"href":"https:\/\/agenciasegura.com\/index.php\/wp-json\/wp\/v2\/pages\/964\/revisions"}],"predecessor-version":[{"id":2969,"href":"https:\/\/agenciasegura.com\/index.php\/wp-json\/wp\/v2\/pages\/964\/revisions\/2969"}],"wp:attachment":[{"href":"https:\/\/agenciasegura.com\/index.php\/wp-json\/wp\/v2\/media?parent=964"}],"curies":[{"name":"wp","href":"https:\/\/api.w.org\/{rel}","templated":true}]}}